{"id":34,"date":"2021-04-09T20:51:31","date_gmt":"2021-04-09T18:51:31","guid":{"rendered":"http:\/\/cominsg.cluster026.hosting.ovh.net\/?page_id=34"},"modified":"2021-04-11T16:55:10","modified_gmt":"2021-04-11T14:55:10","slug":"lassociation","status":"publish","type":"page","link":"https:\/\/com-in-soin.fr\/index.php\/lassociation\/","title":{"rendered":"L&rsquo;association"},"content":{"rendered":"\n<div class=\"wp-block-image\"><figure class=\"aligncenter size-large is-resized\"><img loading=\"lazy\" src=\"http:\/\/com-in-soin.fr\/wp-content\/uploads\/2021\/04\/Capture-decran-2021-04-05-a-22.38.34-1-700x871.png\" alt=\"\" class=\"wp-image-123\" width=\"283\" height=\"352\" srcset=\"https:\/\/com-in-soin.fr\/wp-content\/uploads\/2021\/04\/Capture-decran-2021-04-05-a-22.38.34-1-700x871.png 700w, https:\/\/com-in-soin.fr\/wp-content\/uploads\/2021\/04\/Capture-decran-2021-04-05-a-22.38.34-1-241x300.png 241w, https:\/\/com-in-soin.fr\/wp-content\/uploads\/2021\/04\/Capture-decran-2021-04-05-a-22.38.34-1-768x955.png 768w, https:\/\/com-in-soin.fr\/wp-content\/uploads\/2021\/04\/Capture-decran-2021-04-05-a-22.38.34-1.png 1131w\" sizes=\"(max-width: 283px) 100vw, 283px\" \/><\/figure><\/div>\n\n\n<p><span style=\"color: #171a68;\">L\u2019association Com-In-SoIn<\/span> <span style=\"color: #333333;\">(Communication, Informations, Soutien, Interdisciplinaire) est une association de loi 1901, cr\u00e9e en mars 2020.\u00a0Elle permet un soutien et un accompagnement informatif clair et concis \u00e0 autrui (malade ou non) en communiquant sur divers sujets li\u00e9 de pr\u00e8s ou de loin au bien-\u00eatre et \u00e0 la sant\u00e9.<\/span><\/p>\n<p>\u00a0<\/p>\n<p><span style=\"color: #333333;\">Les quatre piliers fondateurs constituant Com-In-SoIn sont :<\/span><\/p>\n<p>\u00a0<\/p>\n<ul>\n<li style=\"text-align: left;\"><span style=\"color: #333333;\"><strong>La communication<\/strong> (Com)<\/span><\/li>\n<li style=\"text-align: left;\"><span style=\"color: #333333;\"><strong>L&rsquo;information<\/strong> (In)<\/span><\/li>\n<li style=\"text-align: left;\"><span style=\"color: #333333;\"><strong>Le soutien<\/strong> (So)<\/span><\/li>\n<li style=\"text-align: left;\"><span style=\"color: #333333;\"><strong>L&rsquo;interdisciplinarit\u00e9\u00a0<\/strong>\u00a0(In)<\/span><\/li>\n<\/ul>\n<p>l<\/p>\n\n\n<h3 class=\"has-text-align-center has-white-color has-text-color has-background\" style=\"background-color:#171a68\">La communication <\/h3>\n\n\n<p><span style=\"color: #ffffff;\">o<\/span><\/p>\n\n<div class=\"page\" title=\"Page 1\">\n<div class=\"section\">\n<div class=\"layoutArea\">\n<div class=\"column\">\n<p>La communication c&rsquo;est le fait de communiquer, d\u2019\u00e9tablir une relation avec autrui, de transmettre\u00a0quelque chose \u00e0 un autre peut importe le sujet. \u00a0Ceci se fait gr\u00e2ce \u00e0\u00a0l\u2019ensemble des moyens et techniques que nous connaissons aujourd&rsquo;hui, permettant la diffusion d\u2019un message aupr\u00e8s d\u2019une audience plus ou moins vaste et h\u00e9t\u00e9rog\u00e8ne.<\/p>\n<p>Elle concerne aussi bien l\u2019homme (communication interpersonnelle, de groupe, de masse&#8230;) que la machine (t\u00e9l\u00e9communications, nouvelles technologies&#8230;).<\/p>\n<p>Lorsqu\u2019on transmet un message physique, oral ou \u00e9crit, on s\u2019inscrit dans une situation de communication. D\u2019ailleurs, la socialisation de l\u2019individu est \u00e9troitement li\u00e9e aux communications qui s\u2019\u00e9tablissent entre lui et son environnement : l\u2019individu qui communique se socialise.<\/p>\n<p>Gr\u00e2ce aux moyens de communication qui existent aujourd\u2019hui et que nous avons \u00e0 notre disposition, la Terre est actuellement un village plan\u00e9taire. Il est possible de conna\u00eetre ce qui se passe \u00e0 l\u2019autre bout du monde quasiment en temps r\u00e9el. Cependant, malgr\u00e9 une transmission de l\u2019information de plus en plus rapide et des moyens et techniques toujours plus performants, la communication n\u2019est pas toujours efficace. En effet, il ne faut pas confondre rapidit\u00e9 technique et rapidit\u00e9 de communication, ni efficacit\u00e9 technologique et efficacit\u00e9 de la communication.<\/p>\n<\/div>\n<\/div>\n<\/div>\n<\/div>\n\n\n<h3 class=\"has-text-align-center has-white-color has-text-color has-background\" style=\"background-color:#171a68\">L&rsquo;information <\/h3>\n\n\n<p><span style=\"color: #ffffff;\">o<\/span><\/p>\n\n\n<p class=\"has-text-align-center\"><strong><em>\u00ab\u00a0Le droit \u00e0 l&rsquo;information\u00a0repose sur un seul fondement : l&rsquo;information\u00a0est un bien public qui doit \u00eatre accessible \u00e0 tous et n&rsquo;excepter aucun domaine de la vie \u00e9conomique, sociale et politique. L&rsquo;exercice de ce droit ne consiste pas seulement dans le droit d&rsquo;\u00eatre inform\u00e9, mais aussi dans le droit d&rsquo;informer .\u00a0\u00bb<\/em><\/strong><br><\/p>\n\n\n<p>l<\/p>\n\n\n<p class=\"has-text-align-center\">Henri Maler et Mathias Reymond &#8211; M\u00e9dias et mobilisations sociales, 2007<\/p>\n\n\n\n<p><\/p>\n\n\n\n<p>Il ne faut pas confondre la communication et l&rsquo;information. En effet, la communication tend \u00e0 un <strong>\u00e9change entre deux et plusieurs personnes<\/strong>. L\u2019information est une&nbsp;<strong>transmission de donn\u00e9es&nbsp;<\/strong>\u00e0 sens unique. Lorsque vous regardez le journal t\u00e9l\u00e9vis\u00e9, le pr\u00e9sentateur vous transmet une information. Mais si vous ne la comprenez pas, vous ne pouvez pas interagir avec lui pour qu\u2019il pr\u00e9cise ses dires.<\/p>\n\n\n\n<p>L&rsquo;information est&nbsp;<strong>un \u00e9l\u00e9ment de connaissance<\/strong>, qui peut \u00eatre&nbsp;<strong>collect\u00e9<\/strong>,&nbsp;<strong>trait\u00e9<\/strong>,&nbsp;<strong>conserv\u00e9<\/strong>,&nbsp;<strong>communiqu\u00e9<\/strong>&nbsp;au sein m\u00eame de l&rsquo;association  ou aupr\u00e8s de ses partenaires.<\/p>\n\n\n\n<p>L&rsquo;information est constitu\u00e9e de deux \u00e9l\u00e9ments \u00e0 savoir : <br>&#8211; Le contenu <br>&#8211; Le sens et l&rsquo;interpr\u00e9tation que fait chaque personne de ce contenu. <\/p>\n\n\n\n<p><strong>Ainsi, la communication est un \u00e9l\u00e9ment indissociable de l&rsquo;information afin de r\u00e9viser, d&rsquo;\u00e9changer et de contraster l&rsquo;information apport\u00e9 par chaque intervenant. <\/strong><\/p>\n\n\n\n<p>Pour qu&rsquo;une information soit de qualit\u00e9, elle doit \u00eatre&nbsp;:<\/p>\n\n\n\n<p>o\u00a0<strong>fiable<\/strong>, c&rsquo;est-\u00e0-dire que la source est connue ou est clairement identifiable.<br>o\u00a0<strong>pertinente<\/strong>, c&rsquo;est-\u00e0-dire qu&rsquo;elle doit r\u00e9pondre \u00e0 un besoin.<br>o\u00a0<strong>d&rsquo;actualit\u00e9<\/strong>, c&rsquo;est-\u00e0-dire que les renseignements sont r\u00e9cents et mis \u00e0 jour r\u00e9guli\u00e8rement.<br>o\u00a0<strong>non redondante<\/strong>, c&rsquo;est-\u00e0-dire nouvelle\u00a0; elle ne doit pas \u00eatre d\u00e9j\u00e0 dans l&rsquo;association.<br>o\u00a0<strong>accessible<\/strong>, c&rsquo;est-\u00e0-dire que l&rsquo;on peut obtenir facilement.<\/p>\n\n\n\n<p><\/p>\n\n\n\n<h3 class=\"has-text-align-center has-white-color has-text-color has-background\" style=\"background-color:#171a68\">Le soutien <\/h3>\n\n\n<p><\/p>\n<p>Le soutien est le r\u00e9seau sur lequel chaque individu peut s\u2019appuyer par rapport \u00e0 une demande pr\u00e9cise ou un manque d&rsquo;informations sp\u00e9cifiques. Il peut \u00e9galement faire r\u00e9f\u00e9rence \u00e0 la disponibilit\u00e9 et \u00e0 la qualit\u00e9 des \u00ab&nbsp;relations aidantes&nbsp;\u00bb.<\/p>\n<ul>\n<li><strong><span style=\"color: #171a68;\">La notion de soutien<\/span><\/strong> peut \u00eatre d\u00e9finie de deux mani\u00e8res. Tout d\u2019abord, d\u2019un point de vue sociologique, il consiste en la pr\u00e9sence d\u2019un r\u00e9seau social de contraintes et d\u2019obligations mutuelles entourant la personne, et qui lui procure une assistance en cas de besoin. Ensuite, d\u2019un point de vue psychologique, il fait r\u00e9f\u00e9rence \u00e0 la disponibilit\u00e9 de \u00ab\u00a0relations aidantes\u00a0\u00bb et \u00e0 la qualit\u00e9 de celles-ci.<\/li>\n<\/ul>\n<p>Il existe plusieurs types de soutien :<\/p>\n<ul>\n<li style=\"list-style-type: none;\">\n<ul class=\"spip\">\n<li><span style=\"color: #171a68;\"><strong>Le soutien informatif<\/strong><\/span> comprend des conseils, des avis, des propositions, mais aussi des informations ou des connaissances sur la fa\u00e7on, par exemple, de r\u00e9aliser un travail ou de soigner une maladie ou&nbsp;<\/li>\n<\/ul>\n<\/li>\n<\/ul>\n<ul>\n<li style=\"list-style-type: none;\">\n<ul class=\"spip\">\n<li><span style=\"color: #171a68;\"><strong>Le soutien pr\u00e9ventif<\/strong> <\/span>qui, de part une information sp\u00e9cifique sur une sujet donn\u00e9e, permet la mise en place d&rsquo;un plan d&rsquo;action &nbsp;adapt\u00e9e pour pr\u00e9venir d&rsquo;une situation complexe.&nbsp;<\/li>\n<\/ul>\n<\/li>\n<\/ul>\n<ul>\n<li style=\"list-style-type: none;\">\n<ul class=\"spip\">\n<li><strong><span style=\"color: #171a68;\">Le soutien \u00e9motionnel<\/span> <\/strong>apporte un sentiment de compr\u00e9hension, de r\u00e9confort , en particulier dans les moments difficiles, comme un \u00e9chec sur le plan professionnel ( harc\u00e8lement ou mauvaise int\u00e9gration au sein d&rsquo;une soci\u00e9t\u00e9 ) ou des difficult\u00e9s sur le plan personnel (une annonce d&rsquo;un diagnostic difficile au sein d&rsquo;une famille par exemple).<\/li>\n<\/ul>\n<\/li>\n<\/ul>\n<ul>\n<li><strong><span style=\"color: #171a68;\">Le travail en r\u00e9seau<\/span><\/strong> est une caract\u00e9ristique importante du travail dans le secteur du bien \u00eatre et de la sant\u00e9. En effet, chacun est amen\u00e9 \u00e0 collaborer avec d\u2019autres, afin d\u2019accro\u00eetre la pertinence de leurs actions et d\u2019effectuer des relais en terme de suivi et d&rsquo;information envers autrui ( individus et\/ou professionnels du milieu) . La qualit\u00e9 des \u00e9changes entre les diff\u00e9rents organismes peut \u00eatre assimil\u00e9e \u00e0 une forme de soutien social&nbsp;: lorsque les contacts sont positifs et que les demandes aboutissent, les professionnels se sentent encourag\u00e9s et \u00e9paul\u00e9s.&nbsp;Dans cette lign\u00e9e, les supervisions collectives entre professionnels de diff\u00e9rents milieux, mais aussi les formations, s\u2019av\u00e8rent \u00eatre des ressources pr\u00e9cieuses permettant de d\u00e9velopper et d\u2019entretenir le travail en r\u00e9seau. Il est \u00e9galement utile de mentionner la pr\u00e9sence d\u2019un soutien informel (qui peut, par exemple, s\u2019entretenir lors de contacts t\u00e9l\u00e9phoniques).<\/li>\n<\/ul>\n\n\n<h3 class=\"has-text-align-center has-white-color has-text-color has-background\" style=\"background-color:#171a68\">L&rsquo;interdisciplinarit\u00e9<\/h3>\n\n\n<p>\u00a0<\/p>\n<p>Il s&rsquo;agit d&rsquo;\u00e9changer, de communiquer et de travailler ensemble afin de reconstruire une r\u00e9alit\u00e9 morcel\u00e9e, artificiellement, par un cloisonnement des disciplines et viser l&rsquo;acquisition de comp\u00e9tences transversales.\u00a0C&rsquo;est une approche qui s&rsquo;impose d\u00e8s lors qu&rsquo;on aborde un probl\u00e8me <span style=\"color: #171a68;\">concret, un projet, un sujet, ou un concept.<\/span><\/p>\n<p>L&rsquo;approche interdisciplinaire s&rsquo;impose de mani\u00e8re \u00e9vidente d\u00e8s le moment o\u00f9 l&rsquo;on change de regard sur le monde, o\u00f9 on le voit comme un enchev\u00eatrement de <span style=\"color: #171a68;\">syst\u00e8me<\/span>\u00a0o\u00f9, comme le dit E. Morin, \u00ab\u00a0il s&rsquo;agit d\u00e9sormais de<span style=\"color: #171a68;\"> concevoir les objets comme des syst\u00e8mes<\/span>\u00ab\u00a0.<\/p>\n<p>Il y a plusieurs fa\u00e7ons de <span style=\"color: #171a68;\">pratiquer l&rsquo;interdisciplinarit\u00e9<\/span> : <br clear=\"ALL\" \/>&#8211; solliciter d&rsquo;autres disciplines quand le sujet le demande (<span style=\"color: #171a68;\">BAILLY et SCHILS, 1988<\/span>)<br clear=\"ALL\" \/>&#8211; composer un groupe pluridisciplinaire pour travailler sur un m\u00eame th\u00e8me, chacun traitant un aspect particulier (<span style=\"color: #171a68;\">BAILLY et SCHILS, 1988<\/span>)<br clear=\"ALL\" \/>&#8211; approcher globalement un probl\u00e8me puis faire appel aux diff\u00e9rentes m\u00e9thodologies disciplinaires pour analyser la situation et la d\u00e9couper en probl\u00e8mes et trouver des solutions alternatives (<span style=\"color: #171a68;\">GIORDAN et SOUCHON, 1992<\/span>)<\/p>\n<p>\u00a0<\/p>\n\n\n<p><\/p>\n","protected":false},"excerpt":{"rendered":"<p>L\u2019association Com-In-SoIn (Communication, Informations, Soutien, Interdisciplinaire) est une association de loi 1901, cr\u00e9e en mars 2020.\u00a0Elle permet un soutien et un accompagnement informatif clair et concis \u00e0 autrui (malade ou non) en communiquant sur divers sujets li\u00e9 de pr\u00e8s ou<\/p>\n","protected":false},"author":1,"featured_media":0,"parent":0,"menu_order":0,"comment_status":"closed","ping_status":"closed","template":"","meta":[],"_links":{"self":[{"href":"https:\/\/com-in-soin.fr\/index.php\/wp-json\/wp\/v2\/pages\/34"}],"collection":[{"href":"https:\/\/com-in-soin.fr\/index.php\/wp-json\/wp\/v2\/pages"}],"about":[{"href":"https:\/\/com-in-soin.fr\/index.php\/wp-json\/wp\/v2\/types\/page"}],"author":[{"embeddable":true,"href":"https:\/\/com-in-soin.fr\/index.php\/wp-json\/wp\/v2\/users\/1"}],"replies":[{"embeddable":true,"href":"https:\/\/com-in-soin.fr\/index.php\/wp-json\/wp\/v2\/comments?post=34"}],"version-history":[{"count":28,"href":"https:\/\/com-in-soin.fr\/index.php\/wp-json\/wp\/v2\/pages\/34\/revisions"}],"predecessor-version":[{"id":173,"href":"https:\/\/com-in-soin.fr\/index.php\/wp-json\/wp\/v2\/pages\/34\/revisions\/173"}],"wp:attachment":[{"href":"https:\/\/com-in-soin.fr\/index.php\/wp-json\/wp\/v2\/media?parent=34"}],"curies":[{"name":"wp","href":"https:\/\/api.w.org\/{rel}","templated":true}]}}