{"id":114,"date":"2021-04-10T18:11:08","date_gmt":"2021-04-10T16:11:08","guid":{"rendered":"http:\/\/cominsg.cluster026.hosting.ovh.net\/?page_id=114"},"modified":"2024-07-25T19:49:41","modified_gmt":"2024-07-25T17:49:41","slug":"organisation","status":"publish","type":"page","link":"https:\/\/com-in-soin.fr\/index.php\/organisation\/","title":{"rendered":"Organisation"},"content":{"rendered":"<p><span style=\"color: #ffffff;\">Max<\/span><\/p>\n<h6>Com-In-SoIn est ravi de vous pr\u00e9senter son \u00e9quipe fondatrice. Celle -ci est constitu\u00e9 de 7 membres avec :<\/h6>\n<ul>\n<li style=\"text-align: left;\">Sandrine SOUFFOY-RITTNER en qualit\u00e9 de pr\u00e9sidente et fondatrice&nbsp;<\/li>\n<li style=\"text-align: left;\">Maxime SOUFFOY-RITTNER en qualit\u00e9 de vice- pr\u00e9sident et co-fondateur&nbsp;<\/li>\n<li style=\"text-align: left;\">Lo\u00efc SOUFFOY en qualit\u00e9 de tr\u00e9sorier g\u00e9n\u00e9ral\n<ul>\n<li>Isabelle RITTNER en qualit\u00e9 de tr\u00e9sori\u00e8re adjointe<\/li>\n<\/ul>\n<\/li>\n<li>C\u00e9cile TANDIN en qualit\u00e9 de secr\u00e9taire g\u00e9n\u00e9rale\n<ul>\n<li style=\"text-align: left;\">Nathalie KINDL\u00c9 en qualit\u00e9 de secr\u00e9taire adjointe<\/li>\n<li style=\"text-align: left;\">Stanislas SOUFFOY-RITTNER en qualit\u00e9 de secr\u00e9taire adjoint<\/li>\n<\/ul>\n<\/li>\n<\/ul>\n<p><span style=\"color: #ffffff;\">m<\/span><\/p>\n\n\n<h3 class=\"has-text-align-center has-white-color has-text-color has-background\" style=\"background-color:#171a68\">Pr\u00e9sidente et fondatrice <\/h3>\n\n\n<p><span style=\"color: #ffffff;\">f<\/span><\/p>\n<h4 style=\"text-align: center;\"><strong>Sandrine SOUFFOY-RITTNER<\/strong><\/h4>\n<p style=\"text-align: center;\">Th\u00e9rapeute hollistique \u00a0<\/p>\n\n\n<figure class=\"wp-block-gallery aligncenter columns-1\"><ul class=\"blocks-gallery-grid\"><li class=\"blocks-gallery-item\"><figure><img loading=\"lazy\" width=\"268\" height=\"300\" src=\"http:\/\/com-in-soin.fr\/wp-content\/uploads\/2021\/04\/dea33a4f-7d2a-4bdf-89b5-cebd88b61215-1-268x300.jpeg\" alt=\"\" data-id=\"185\" data-full-url=\"http:\/\/com-in-soin.fr\/wp-content\/uploads\/2021\/04\/dea33a4f-7d2a-4bdf-89b5-cebd88b61215-1.jpeg\" data-link=\"http:\/\/com-in-soin.fr\/index.php\/organisation\/dea33a4f-7d2a-4bdf-89b5-cebd88b61215-1\/\" class=\"wp-image-185\" srcset=\"https:\/\/com-in-soin.fr\/wp-content\/uploads\/2021\/04\/dea33a4f-7d2a-4bdf-89b5-cebd88b61215-1-268x300.jpeg 268w, https:\/\/com-in-soin.fr\/wp-content\/uploads\/2021\/04\/dea33a4f-7d2a-4bdf-89b5-cebd88b61215-1.jpeg 540w\" sizes=\"(max-width: 268px) 100vw, 268px\" \/><\/figure><\/li><\/ul><\/figure>\n\n\n<p>Au fil de mes 10 ann\u00e9es d\u2019exp\u00e9rience professionnelle et th\u00e9orique, je me suis de plus en plus sp\u00e9cialis\u00e9e sur le travail int\u00e9gratif des probl\u00e9matiques psychosomatiques.\u00a0Beaucoup de mes suivis en lib\u00e9ral ou en structures sont essentiellement ax\u00e9es sur des probl\u00e9matiques \u00e0 tendances somatiques ou psychologiques survenues apr\u00e8s un long et douloureux parcours de consultations aupr\u00e8s de divers professionnels de sant\u00e9.\u00a0Mon approche th\u00e9rapeutique se voulant int\u00e9grative et respectueuse de l\u2019individu dans sa globalit\u00e9, j\u2019ai toujours pris soin d\u2019informer et de guider les personnes vers des confr\u00e8res experts dans leurs domaines afin d\u2019assurer un relai pour le consultant et permettre ainsi une r\u00e9elle continuit\u00e9 et une coh\u00e9rence de soin.<\/p>\n<p>Il devenait primordial pour moi, afin de p\u00e9renniser ce mode de fonctionnement de pouvoir l\u2019officialiser et surtout de permettre \u00e0 tous d\u2019en profiter.\u00a0En fondant l\u2019association Com-In-SoIn, il est d\u00e9sormais possible \u00e0 tous de surmonter les difficult\u00e9s rencontr\u00e9es, d\u2019\u00eatre inform\u00e9 et soutenu de fa\u00e7on claire et optimale.<\/p>\n\n\n<h3 class=\"has-text-align-center has-white-color has-text-color has-background\" style=\"background-color:#171a68\">Vice-pr\u00e9sident et co-fondateur <\/h3>\n\n\n<h4 style=\"text-align: center;\"><strong>Maxime SOUFFOY-RITTNER<\/strong><\/h4>\n<p style=\"text-align: center;\">Neuropsychologue &#8211; Psychologue clinicien\u00a0<\/p>\n\n\n<div class=\"wp-block-image\"><figure class=\"aligncenter size-large is-resized\"><img loading=\"lazy\" src=\"http:\/\/com-in-soin.fr\/wp-content\/uploads\/2021\/04\/Capture-decran-2021-04-11-a-21.12.20.png\" alt=\"\" class=\"wp-image-190\" width=\"261\" height=\"315\"\/><\/figure><\/div>\n\n\n<p>Mes diff\u00e9rentes exp\u00e9riences professionnelles et th\u00e9oriques ont fa\u00e7onn\u00e9 mon regard sur une pratique, une \u00e9valuation et un suivi psychologique bas\u00e9 sur une&nbsp;approche globale de l\u2019individu&nbsp;(physique et psychologique). J\u2019accorde une grande importance aux ph\u00e9nom\u00e8nes psychosomatiques et \u00e0 l\u2019\u00e9tude de l\u2019origine des troubles psychiques pouvant, chez certains, occasionner ou aggraver des troubles physiques et cognitifs. Mon approche th\u00e9rapeutique et de suivi psychologique se veut principalement&nbsp;humaniste et ph\u00e9nomeno-existentielle.<\/p>\n<p>Com-In-SoIn est la suite logique d\u2019un travail men\u00e9 en \u00e9troite collaboration avec la pr\u00e9sidente de l\u2019association depuis plusieurs ann\u00e9es. L\u2019approche transversale de nos pratiques m\u2019a permis, a plusieurs reprises, de prendre le recul n\u00e9cessaire \u00e0 la compr\u00e9hension de situations cliniques face auxquelles mon seul support th\u00e9orique ne suffisait pas. Le travail en collectivit\u00e9 avec une \u00e9quipe experte est source de connaissances, d\u2019\u00e9changes et pleine d\u2019humilit\u00e9, b\u00e9n\u00e9fique tant sur le plan professionnel que personnel. &nbsp;&nbsp;<\/p>\n<p>Ainsi, Com-In-SoIn est une volont\u00e9 de promouvoir ce fonctionnement \u00e0 plus grande \u00e9chelle et permettre, \u00e0 ceux qui le souhaite, de partager et d\u2019informer dans l\u2019int\u00e9r\u00eat de tous.<\/p>\n\n\n<h3 class=\"has-text-align-center has-white-color has-text-color has-background\" style=\"background-color:#171a68\">Tr\u00e9sorier g\u00e9neral <\/h3>\n\n\n<h4 style=\"text-align: center;\"><strong>Lo\u00efc SOUFFOY<\/strong><\/h4>\n\n\n<figure class=\"wp-block-gallery aligncenter columns-1\"><ul class=\"blocks-gallery-grid\"><li class=\"blocks-gallery-item\"><figure><img loading=\"lazy\" width=\"700\" height=\"818\" src=\"http:\/\/com-in-soin.fr\/wp-content\/uploads\/2021\/04\/2a9e53ed-ce45-44b4-963e-fdd11bea1f99-1-700x818.jpg\" alt=\"\" data-id=\"195\" data-full-url=\"http:\/\/com-in-soin.fr\/wp-content\/uploads\/2021\/04\/2a9e53ed-ce45-44b4-963e-fdd11bea1f99-1.jpg\" data-link=\"http:\/\/com-in-soin.fr\/index.php\/organisation\/2a9e53ed-ce45-44b4-963e-fdd11bea1f99-1\/\" class=\"wp-image-195\" srcset=\"https:\/\/com-in-soin.fr\/wp-content\/uploads\/2021\/04\/2a9e53ed-ce45-44b4-963e-fdd11bea1f99-1-700x818.jpg 700w, https:\/\/com-in-soin.fr\/wp-content\/uploads\/2021\/04\/2a9e53ed-ce45-44b4-963e-fdd11bea1f99-1-257x300.jpg 257w, https:\/\/com-in-soin.fr\/wp-content\/uploads\/2021\/04\/2a9e53ed-ce45-44b4-963e-fdd11bea1f99-1-768x898.jpg 768w, https:\/\/com-in-soin.fr\/wp-content\/uploads\/2021\/04\/2a9e53ed-ce45-44b4-963e-fdd11bea1f99-1.jpg 1189w\" sizes=\"(max-width: 700px) 100vw, 700px\" \/><\/figure><\/li><\/ul><\/figure>\n\n\n<p>Je suis tr\u00e9sorier g\u00e9n\u00e9ral et me suis investi, en confiance, dans ce beau projet aupr\u00e8s de mon \u00e9pouse, car \u00eatre \u00e0 l\u2019\u00e9coute des besoins d\u2019autrui et pouvoir apporter r\u00e9confort et sagesse aux personnes en questionnement \u00e0 toujours \u00e9t\u00e9 pour moi naturel.<\/p>\n<p>Cet investissement est aussi l\u2019aboutissement d\u2019un travail personnel de longue date qui, par le biais de la transmission, va permettre un \u00e9largissement de cette exp\u00e9rience de vie.<\/p>","protected":false},"excerpt":{"rendered":"<p>Max Com-In-SoIn est ravi de vous pr\u00e9senter son \u00e9quipe fondatrice. Celle -ci est constitu\u00e9 de 7 membres avec : Sandrine SOUFFOY-RITTNER en qualit\u00e9 de pr\u00e9sidente et fondatrice&nbsp; Maxime SOUFFOY-RITTNER en qualit\u00e9 de vice- pr\u00e9sident et co-fondateur&nbsp; Lo\u00efc SOUFFOY en qualit\u00e9<\/p>\n","protected":false},"author":1,"featured_media":0,"parent":0,"menu_order":0,"comment_status":"closed","ping_status":"closed","template":"","meta":[],"_links":{"self":[{"href":"https:\/\/com-in-soin.fr\/index.php\/wp-json\/wp\/v2\/pages\/114"}],"collection":[{"href":"https:\/\/com-in-soin.fr\/index.php\/wp-json\/wp\/v2\/pages"}],"about":[{"href":"https:\/\/com-in-soin.fr\/index.php\/wp-json\/wp\/v2\/types\/page"}],"author":[{"embeddable":true,"href":"https:\/\/com-in-soin.fr\/index.php\/wp-json\/wp\/v2\/users\/1"}],"replies":[{"embeddable":true,"href":"https:\/\/com-in-soin.fr\/index.php\/wp-json\/wp\/v2\/comments?post=114"}],"version-history":[{"count":14,"href":"https:\/\/com-in-soin.fr\/index.php\/wp-json\/wp\/v2\/pages\/114\/revisions"}],"predecessor-version":[{"id":202,"href":"https:\/\/com-in-soin.fr\/index.php\/wp-json\/wp\/v2\/pages\/114\/revisions\/202"}],"wp:attachment":[{"href":"https:\/\/com-in-soin.fr\/index.php\/wp-json\/wp\/v2\/media?parent=114"}],"curies":[{"name":"wp","href":"https:\/\/api.w.org\/{rel}","templated":true}]}}